{"id":4318,"date":"2022-05-18T10:01:04","date_gmt":"2022-05-18T08:01:04","guid":{"rendered":"http:\/\/www.comunarogova.ro\/?page_id=4318"},"modified":"2023-04-18T16:15:59","modified_gmt":"2023-04-18T14:15:59","slug":"declaratii-de-avere","status":"publish","type":"page","link":"https:\/\/www.comunarogova.ro\/?page_id=4318","title":{"rendered":"Declaratii de avere"},"content":{"rendered":"\r\n<ul>\r\n<li class=\"wp-block-file\"><a id=\"wp-block-file--media-5c3da6b2-bf7a-40c2-9550-5d56f121e27b\" href=\"https:\/\/www.comunarogova.ro\/wp-content\/uploads\/2022\/05\/Declaratie-de-avere-Cretan-Marian.pdf\">Declaratie de avere Cretan Marian<\/a><a class=\"wp-block-file__button\" href=\"https:\/\/www.comunarogova.ro\/wp-content\/uploads\/2022\/05\/Declaratie-de-avere-Cretan-Marian.pdf\" download=\"\" aria-describedby=\"wp-block-file--media-5c3da6b2-bf7a-40c2-9550-5d56f121e27b\">Descarc\u0103<\/a><\/li>\r\n<li class=\"wp-block-file\"><a id=\"wp-block-file--media-ec29a6c7-79ce-4346-a89d-3877a82280e8\" href=\"https:\/\/www.comunarogova.ro\/wp-content\/uploads\/2022\/05\/Declaratie-de-avere-Cioara-Eugen.pdf\">Declaratie de avere Cioara Eugen<\/a><a class=\"wp-block-file__button\" href=\"https:\/\/www.comunarogova.ro\/wp-content\/uploads\/2022\/05\/Declaratie-de-avere-Cioara-Eugen.pdf\" download=\"\" aria-describedby=\"wp-block-file--media-ec29a6c7-79ce-4346-a89d-3877a82280e8\">Descarc\u0103<\/a><\/li>\r\n<li class=\"wp-block-file\"><a id=\"wp-block-file--media-269acf08-def3-4528-a511-cc2f41cd6e19\" href=\"https:\/\/www.comunarogova.ro\/wp-content\/uploads\/2022\/05\/Declaratie-de-avere-Cioara-Petre.pdf\">Declaratie de avere Cioara Petre<\/a><a class=\"wp-block-file__button\" href=\"https:\/\/www.comunarogova.ro\/wp-content\/uploads\/2022\/05\/Declaratie-de-avere-Cioara-Petre.pdf\" download=\"\" aria-describedby=\"wp-block-file--media-269acf08-def3-4528-a511-cc2f41cd6e19\">Descarc\u0103<\/a><\/li>\r\n<li>\r\n\r\n<\/li>\r\n<li>\r\n\r\n<\/li>\r\n<li>\r\n\r\n<\/li>\r\n<li class=\"wp-block-file\"><a id=\"wp-block-file--media-ca66390b-060e-4129-9279-56806ccb22b3\" href=\"https:\/\/www.comunarogova.ro\/wp-content\/uploads\/2022\/05\/Declaratie-de-avere-Ivan-Gheorghe.pdf\">Declaratie de avere Ivan Gheorghe<\/a><a class=\"wp-block-file__button\" href=\"https:\/\/www.comunarogova.ro\/wp-content\/uploads\/2022\/05\/Declaratie-de-avere-Ivan-Gheorghe.pdf\" download=\"\" aria-describedby=\"wp-block-file--media-ca66390b-060e-4129-9279-56806ccb22b3\">Descarc\u0103<\/a><\/li>\r\n<li>\r\n\r\n<\/li>\r\n<li class=\"wp-block-file\"><a id=\"wp-block-file--media-5e9c0631-e563-4286-a1e5-ebbc1373548b\" href=\"https:\/\/www.comunarogova.ro\/wp-content\/uploads\/2022\/05\/Declaratie-de-avere-Motintau-Rodica.pdf\">Declaratie de avere Motintau Rodica<\/a><a class=\"wp-block-file__button\" href=\"https:\/\/www.comunarogova.ro\/wp-content\/uploads\/2022\/05\/Declaratie-de-avere-Motintau-Rodica.pdf\" download=\"\" aria-describedby=\"wp-block-file--media-5e9c0631-e563-4286-a1e5-ebbc1373548b\">Descarc\u0103<\/a><\/li>\r\n<li>\r\n\r\n<\/li>\r\n<li class=\"wp-block-file\"><a id=\"wp-block-file--media-a423f8c6-8082-4583-b448-5f51486a1e85\" href=\"https:\/\/www.comunarogova.ro\/wp-content\/uploads\/2022\/05\/Declaratie-de-avere-Mucica-Puiu.pdf\">Declaratie de avere Mucica Puiu<\/a><a class=\"wp-block-file__button\" href=\"https:\/\/www.comunarogova.ro\/wp-content\/uploads\/2022\/05\/Declaratie-de-avere-Mucica-Puiu.pdf\" download=\"\" aria-describedby=\"wp-block-file--media-a423f8c6-8082-4583-b448-5f51486a1e85\">Descarc\u0103<\/a><\/li>\r\n<li>\r\n\r\n<\/li>\r\n<li class=\"wp-block-file\"><a id=\"wp-block-file--media-276bee9d-0f54-467d-98a5-43ea4bab2a99\" href=\"https:\/\/www.comunarogova.ro\/wp-content\/uploads\/2022\/05\/Declaratie-de-avere-Stanchi-Ana.pdf\">Declaratie de avere Stanchi Ana<\/a><a class=\"wp-block-file__button\" href=\"https:\/\/www.comunarogova.ro\/wp-content\/uploads\/2022\/05\/Declaratie-de-avere-Stanchi-Ana.pdf\" download=\"\" aria-describedby=\"wp-block-file--media-276bee9d-0f54-467d-98a5-43ea4bab2a99\">Descarc\u0103<\/a><\/li>\r\n<li>\r\n\r\n<\/li>\r\n<li class=\"wp-block-file\"><a id=\"wp-block-file--media-4a5eb1a2-9d33-4bba-854b-ef9868552157\" href=\"https:\/\/www.comunarogova.ro\/wp-content\/uploads\/2022\/05\/Declaratie-de-avere-Vamvu-Epure-Costinel-Marinica.pdf\">Declaratie de avere Vamvu Epure Costinel Marinica<\/a><a class=\"wp-block-file__button\" href=\"https:\/\/www.comunarogova.ro\/wp-content\/uploads\/2022\/05\/Declaratie-de-avere-Vamvu-Epure-Costinel-Marinica.pdf\" download=\"\" aria-describedby=\"wp-block-file--media-4a5eb1a2-9d33-4bba-854b-ef9868552157\">Descarc\u0103<\/a><\/li>\r\n<li>\r\n\r\n<\/li>\r\n<li class=\"wp-block-file\"><a id=\"wp-block-file--media-b287a86d-142b-469c-a96a-acb2ca1fc756\" href=\"https:\/\/www.comunarogova.ro\/wp-content\/uploads\/2022\/05\/Declaratie-de-avere-Visan-Ion.pdf\">Declaratie de avere Visan Ion<\/a><a class=\"wp-block-file__button\" href=\"https:\/\/www.comunarogova.ro\/wp-content\/uploads\/2022\/05\/Declaratie-de-avere-Visan-Ion.pdf\" download=\"\" aria-describedby=\"wp-block-file--media-b287a86d-142b-469c-a96a-acb2ca1fc756\">Descarc\u0103<\/a><\/li>\r\n<\/ul>\r\n","protected":false},"excerpt":{"rendered":"Declaratie de avere Cretan MarianDescarc\u0103 Declaratie de avere Cioara EugenDescarc\u0103 Declaratie de avere Cioara PetreDescarc\u0103 Declaratie de avere Ivan GheorgheDescarc\u0103 Declaratie de avere Motintau RodicaDescarc\u0103 Declaratie de avere Mucica PuiuDescarc\u0103 Declaratie de avere Stanchi AnaDescarc\u0103 Declaratie de avere Vamvu Epure Costinel MarinicaDescarc\u0103 Declaratie de avere Visan IonDescarc\u0103","protected":false},"author":4,"featured_media":0,"parent":0,"menu_order":0,"comment_status":"closed","ping_status":"closed","template":"","meta":{"footnotes":""},"class_list":["post-4318","page","type-page","status-publish","hentry"],"_links":{"self":[{"href":"https:\/\/www.comunarogova.ro\/index.php?rest_route=\/wp\/v2\/pages\/4318","targetHints":{"allow":["GET"]}}],"collection":[{"href":"https:\/\/www.comunarogova.ro\/index.php?rest_route=\/wp\/v2\/pages"}],"about":[{"href":"https:\/\/www.comunarogova.ro\/index.php?rest_route=\/wp\/v2\/types\/page"}],"author":[{"embeddable":true,"href":"https:\/\/www.comunarogova.ro\/index.php?rest_route=\/wp\/v2\/users\/4"}],"replies":[{"embeddable":true,"href":"https:\/\/www.comunarogova.ro\/index.php?rest_route=%2Fwp%2Fv2%2Fcomments&post=4318"}],"version-history":[{"count":9,"href":"https:\/\/www.comunarogova.ro\/index.php?rest_route=\/wp\/v2\/pages\/4318\/revisions"}],"predecessor-version":[{"id":4527,"href":"https:\/\/www.comunarogova.ro\/index.php?rest_route=\/wp\/v2\/pages\/4318\/revisions\/4527"}],"wp:attachment":[{"href":"https:\/\/www.comunarogova.ro\/index.php?rest_route=%2Fwp%2Fv2%2Fmedia&parent=4318"}],"curies":[{"name":"wp","href":"https:\/\/api.w.org\/{rel}","templated":true}]}}