{"id":4284,"date":"2022-03-16T08:11:37","date_gmt":"2022-03-16T06:11:37","guid":{"rendered":"http:\/\/www.comunarogova.ro\/?page_id=4284"},"modified":"2022-03-16T08:20:00","modified_gmt":"2022-03-16T06:20:00","slug":"buget","status":"publish","type":"page","link":"https:\/\/www.comunarogova.ro\/?page_id=4284","title":{"rendered":"Buget"},"content":{"rendered":"\n<div class=\"wp-block-file\"><a href=\"https:\/\/www.comunarogova.ro\/wp-content\/uploads\/2022\/03\/BUGETUL-LOCAL-DE-VENITURI-SI-CHELTUIELI-LA-31.12.2021.pdf\">Bugetul local de venituri si cheltuieli la 31.12.2021<\/a><a href=\"https:\/\/www.comunarogova.ro\/wp-content\/uploads\/2022\/03\/BUGETUL-LOCAL-DE-VENITURI-SI-CHELTUIELI-LA-31.12.2021.pdf\" class=\"wp-block-file__button\" download>Descarc\u0103<\/a><\/div>\n\n\n\n<div class=\"wp-block-file\"><a href=\"https:\/\/www.comunarogova.ro\/wp-content\/uploads\/2022\/03\/EXECUTIA-BUGETULUI-LOCAL-DE-VENITURI-SI-CHELTUIELI-LA-31.12.2021.pdf\">Executia bugetului local de venituri si cheltuieli la 31.12.2021<\/a><a href=\"https:\/\/www.comunarogova.ro\/wp-content\/uploads\/2022\/03\/EXECUTIA-BUGETULUI-LOCAL-DE-VENITURI-SI-CHELTUIELI-LA-31.12.2021.pdf\" class=\"wp-block-file__button\" download>Descarc\u0103<\/a><\/div>\n\n\n\n<div class=\"wp-block-file\"><a href=\"https:\/\/www.comunarogova.ro\/wp-content\/uploads\/2022\/03\/BUGETUL-LOCAL-DE-VENITURI-SI-CHELTUIELI-PE-ANUL-2022.pdf\">Bugetul local de venituri si cheltuieli pe anul 2022<\/a><a href=\"https:\/\/www.comunarogova.ro\/wp-content\/uploads\/2022\/03\/BUGETUL-LOCAL-DE-VENITURI-SI-CHELTUIELI-PE-ANUL-2022.pdf\" class=\"wp-block-file__button\" download>Descarc\u0103<\/a><\/div>\n","protected":false},"excerpt":{"rendered":"Bugetul local de venituri si cheltuieli la 31.12.2021Descarc\u0103 Executia bugetului local de venituri si cheltuieli la 31.12.2021Descarc\u0103 Bugetul local de venituri si cheltuieli pe anul 2022Descarc\u0103","protected":false},"author":4,"featured_media":0,"parent":0,"menu_order":0,"comment_status":"closed","ping_status":"closed","template":"","meta":{"footnotes":""},"class_list":["post-4284","page","type-page","status-publish","hentry"],"_links":{"self":[{"href":"https:\/\/www.comunarogova.ro\/index.php?rest_route=\/wp\/v2\/pages\/4284","targetHints":{"allow":["GET"]}}],"collection":[{"href":"https:\/\/www.comunarogova.ro\/index.php?rest_route=\/wp\/v2\/pages"}],"about":[{"href":"https:\/\/www.comunarogova.ro\/index.php?rest_route=\/wp\/v2\/types\/page"}],"author":[{"embeddable":true,"href":"https:\/\/www.comunarogova.ro\/index.php?rest_route=\/wp\/v2\/users\/4"}],"replies":[{"embeddable":true,"href":"https:\/\/www.comunarogova.ro\/index.php?rest_route=%2Fwp%2Fv2%2Fcomments&post=4284"}],"version-history":[{"count":5,"href":"https:\/\/www.comunarogova.ro\/index.php?rest_route=\/wp\/v2\/pages\/4284\/revisions"}],"predecessor-version":[{"id":4353,"href":"https:\/\/www.comunarogova.ro\/index.php?rest_route=\/wp\/v2\/pages\/4284\/revisions\/4353"}],"wp:attachment":[{"href":"https:\/\/www.comunarogova.ro\/index.php?rest_route=%2Fwp%2Fv2%2Fmedia&parent=4284"}],"curies":[{"name":"wp","href":"https:\/\/api.w.org\/{rel}","templated":true}]}}