{"id":4082,"date":"2020-10-22T14:25:42","date_gmt":"2020-10-22T12:25:42","guid":{"rendered":"http:\/\/www.comunarogova.ro\/?page_id=4082"},"modified":"2020-10-22T14:27:50","modified_gmt":"2020-10-22T12:27:50","slug":"stimulent-de-insertie","status":"publish","type":"page","link":"https:\/\/www.comunarogova.ro\/?page_id=4082","title":{"rendered":"Stimulent de insertie"},"content":{"rendered":"\n<div class=\"wp-block-file\"><a href=\"https:\/\/www.comunarogova.ro\/wp-content\/uploads\/2020\/10\/Acte-necesare-stimulent-de-insertie.pdf\">Acte necesare stimulent de insertie<\/a><a href=\"https:\/\/www.comunarogova.ro\/wp-content\/uploads\/2020\/10\/Acte-necesare-stimulent-de-insertie.pdf\" class=\"wp-block-file__button\" download>Descarc\u0103<\/a><\/div>\n\n\n\n<div class=\"wp-block-file\"><a href=\"https:\/\/www.comunarogova.ro\/wp-content\/uploads\/2020\/10\/Cerere-stimulent-de-insertie.pdf\">Cerere stimulent de insertie<\/a><a href=\"https:\/\/www.comunarogova.ro\/wp-content\/uploads\/2020\/10\/Cerere-stimulent-de-insertie.pdf\" class=\"wp-block-file__button\" download>Descarc\u0103<\/a><\/div>\n\n\n\n<div class=\"wp-block-file\"><a href=\"https:\/\/www.comunarogova.ro\/wp-content\/uploads\/2020\/10\/Declaratie-prelucrare-date-cu-caracter-personal-stimulent-de-insertie-Copy.pdf\">Declaratie prelucrare date cu caracter personal stimulent de insertie<\/a><a href=\"https:\/\/www.comunarogova.ro\/wp-content\/uploads\/2020\/10\/Declaratie-prelucrare-date-cu-caracter-personal-stimulent-de-insertie-Copy.pdf\" class=\"wp-block-file__button\" download>Descarc\u0103<\/a><\/div>\n\n\n\n<div class=\"wp-block-file\"><a href=\"https:\/\/www.comunarogova.ro\/wp-content\/uploads\/2020\/10\/Model-adeverinta-angajator-pentru-stimulent-de-insertie.pdf\">Model adeverinta angajator pentru stimulent de insertie<\/a><a href=\"https:\/\/www.comunarogova.ro\/wp-content\/uploads\/2020\/10\/Model-adeverinta-angajator-pentru-stimulent-de-insertie.pdf\" class=\"wp-block-file__button\" download>Descarc\u0103<\/a><\/div>\n","protected":false},"excerpt":{"rendered":"Acte necesare stimulent de insertieDescarc\u0103 Cerere stimulent de insertieDescarc\u0103 Declaratie prelucrare date cu caracter personal stimulent de insertieDescarc\u0103 Model adeverinta angajator pentru stimulent de insertieDescarc\u0103","protected":false},"author":1,"featured_media":0,"parent":0,"menu_order":0,"comment_status":"closed","ping_status":"closed","template":"","meta":{"footnotes":""},"class_list":["post-4082","page","type-page","status-publish","hentry"],"_links":{"self":[{"href":"https:\/\/www.comunarogova.ro\/index.php?rest_route=\/wp\/v2\/pages\/4082","targetHints":{"allow":["GET"]}}],"collection":[{"href":"https:\/\/www.comunarogova.ro\/index.php?rest_route=\/wp\/v2\/pages"}],"about":[{"href":"https:\/\/www.comunarogova.ro\/index.php?rest_route=\/wp\/v2\/types\/page"}],"author":[{"embeddable":true,"href":"https:\/\/www.comunarogova.ro\/index.php?rest_route=\/wp\/v2\/users\/1"}],"replies":[{"embeddable":true,"href":"https:\/\/www.comunarogova.ro\/index.php?rest_route=%2Fwp%2Fv2%2Fcomments&post=4082"}],"version-history":[{"count":2,"href":"https:\/\/www.comunarogova.ro\/index.php?rest_route=\/wp\/v2\/pages\/4082\/revisions"}],"predecessor-version":[{"id":4089,"href":"https:\/\/www.comunarogova.ro\/index.php?rest_route=\/wp\/v2\/pages\/4082\/revisions\/4089"}],"wp:attachment":[{"href":"https:\/\/www.comunarogova.ro\/index.php?rest_route=%2Fwp%2Fv2%2Fmedia&parent=4082"}],"curies":[{"name":"wp","href":"https:\/\/api.w.org\/{rel}","templated":true}]}}