{"id":4073,"date":"2020-10-22T14:22:06","date_gmt":"2020-10-22T12:22:06","guid":{"rendered":"http:\/\/www.comunarogova.ro\/?page_id=4073"},"modified":"2020-10-22T14:25:03","modified_gmt":"2020-10-22T12:25:03","slug":"indemnizatie-crestere-copil","status":"publish","type":"page","link":"https:\/\/www.comunarogova.ro\/?page_id=4073","title":{"rendered":"Indemnizatie crestere copil"},"content":{"rendered":"\n<div class=\"wp-block-file\"><a href=\"https:\/\/www.comunarogova.ro\/wp-content\/uploads\/2020\/10\/Acte-necesare-INDEMNIZATIE-CRESTERE-COPIL.pdf\">Acte necesare indemnizatie crestere copil<\/a><a href=\"https:\/\/www.comunarogova.ro\/wp-content\/uploads\/2020\/10\/Acte-necesare-INDEMNIZATIE-CRESTERE-COPIL.pdf\" class=\"wp-block-file__button\" download>Descarc\u0103<\/a><\/div>\n\n\n\n<div class=\"wp-block-file\"><a href=\"https:\/\/www.comunarogova.ro\/wp-content\/uploads\/2020\/10\/Cerere-indemnizatie-crestere-copil.pdf\">Cerere indemnizatie crestere copil<\/a><a href=\"https:\/\/www.comunarogova.ro\/wp-content\/uploads\/2020\/10\/Cerere-indemnizatie-crestere-copil.pdf\" class=\"wp-block-file__button\" download>Descarc\u0103<\/a><\/div>\n\n\n\n<div class=\"wp-block-file\"><a href=\"https:\/\/www.comunarogova.ro\/wp-content\/uploads\/2020\/10\/Declaratie-celalaltat-parinte-privind-datele-cu-caracter-personal.pdf\">Declaratie celalaltat parinte privind datele cu caracter personal<\/a><a href=\"https:\/\/www.comunarogova.ro\/wp-content\/uploads\/2020\/10\/Declaratie-celalaltat-parinte-privind-datele-cu-caracter-personal.pdf\" class=\"wp-block-file__button\" download>Descarc\u0103<\/a><\/div>\n\n\n\n<div class=\"wp-block-file\"><a href=\"https:\/\/www.comunarogova.ro\/wp-content\/uploads\/2020\/10\/Declaratie-solicitant-privind-datele-cu-caracter-personal.pdf\">Declaratie solicitant privind datele cu caracter personal<\/a><a href=\"https:\/\/www.comunarogova.ro\/wp-content\/uploads\/2020\/10\/Declaratie-solicitant-privind-datele-cu-caracter-personal.pdf\" class=\"wp-block-file__button\" download>Descarc\u0103<\/a><\/div>\n\n\n\n<div class=\"wp-block-file\"><a href=\"https:\/\/www.comunarogova.ro\/wp-content\/uploads\/2020\/10\/Model-adeverinta-angajator-pentru-indemnizatie-crestere-copil.pdf\">Model adeverinta angajator pentru indemnizatie crestere copil<\/a><a href=\"https:\/\/www.comunarogova.ro\/wp-content\/uploads\/2020\/10\/Model-adeverinta-angajator-pentru-indemnizatie-crestere-copil.pdf\" class=\"wp-block-file__button\" download>Descarc\u0103<\/a><\/div>\n","protected":false},"excerpt":{"rendered":"Acte necesare indemnizatie crestere copilDescarc\u0103 Cerere indemnizatie crestere copilDescarc\u0103 Declaratie celalaltat parinte privind datele cu caracter personalDescarc\u0103 Declaratie solicitant privind datele cu caracter personalDescarc\u0103 Model adeverinta angajator pentru indemnizatie crestere copilDescarc\u0103","protected":false},"author":1,"featured_media":0,"parent":0,"menu_order":0,"comment_status":"closed","ping_status":"closed","template":"","meta":{"footnotes":""},"class_list":["post-4073","page","type-page","status-publish","hentry"],"_links":{"self":[{"href":"https:\/\/www.comunarogova.ro\/index.php?rest_route=\/wp\/v2\/pages\/4073","targetHints":{"allow":["GET"]}}],"collection":[{"href":"https:\/\/www.comunarogova.ro\/index.php?rest_route=\/wp\/v2\/pages"}],"about":[{"href":"https:\/\/www.comunarogova.ro\/index.php?rest_route=\/wp\/v2\/types\/page"}],"author":[{"embeddable":true,"href":"https:\/\/www.comunarogova.ro\/index.php?rest_route=\/wp\/v2\/users\/1"}],"replies":[{"embeddable":true,"href":"https:\/\/www.comunarogova.ro\/index.php?rest_route=%2Fwp%2Fv2%2Fcomments&post=4073"}],"version-history":[{"count":2,"href":"https:\/\/www.comunarogova.ro\/index.php?rest_route=\/wp\/v2\/pages\/4073\/revisions"}],"predecessor-version":[{"id":4081,"href":"https:\/\/www.comunarogova.ro\/index.php?rest_route=\/wp\/v2\/pages\/4073\/revisions\/4081"}],"wp:attachment":[{"href":"https:\/\/www.comunarogova.ro\/index.php?rest_route=%2Fwp%2Fv2%2Fmedia&parent=4073"}],"curies":[{"name":"wp","href":"https:\/\/api.w.org\/{rel}","templated":true}]}}