{"id":4053,"date":"2020-10-22T14:16:44","date_gmt":"2020-10-22T12:16:44","guid":{"rendered":"http:\/\/www.comunarogova.ro\/?page_id=4053"},"modified":"2020-10-22T14:16:44","modified_gmt":"2020-10-22T12:16:44","slug":"documente-hg-691-din-2015","status":"publish","type":"page","link":"https:\/\/www.comunarogova.ro\/?page_id=4053","title":{"rendered":"Documente HG 691 din 2015"},"content":{"rendered":"\n<div class=\"wp-block-file\"><a href=\"https:\/\/www.comunarogova.ro\/wp-content\/uploads\/2020\/10\/Acte-necesare-parinti-plecati-la-munca-in-strainatate.pdf\">Acte necesare parinti plecati la munca in strainatate<\/a><a href=\"https:\/\/www.comunarogova.ro\/wp-content\/uploads\/2020\/10\/Acte-necesare-parinti-plecati-la-munca-in-strainatate.pdf\" class=\"wp-block-file__button\" download>Descarc\u0103<\/a><\/div>\n\n\n\n<div class=\"wp-block-file\"><a href=\"https:\/\/www.comunarogova.ro\/wp-content\/uploads\/2020\/10\/INFORMARE-H.G-691.pdf\">Informare H.G 691<\/a><a href=\"https:\/\/www.comunarogova.ro\/wp-content\/uploads\/2020\/10\/INFORMARE-H.G-691.pdf\" class=\"wp-block-file__button\" download>Descarc\u0103<\/a><\/div>\n\n\n\n<div class=\"wp-block-file\"><a href=\"https:\/\/www.comunarogova.ro\/wp-content\/uploads\/2020\/10\/Lista-informare-pentru-judecatorie.pdf\">Lista informare pentru judecatorie<\/a><a href=\"https:\/\/www.comunarogova.ro\/wp-content\/uploads\/2020\/10\/Lista-informare-pentru-judecatorie.pdf\" class=\"wp-block-file__button\" download>Descarc\u0103<\/a><\/div>\n\n\n\n<div class=\"wp-block-file\"><a href=\"https:\/\/www.comunarogova.ro\/wp-content\/uploads\/2020\/10\/Model-cerere-catre-Judecatorie.pdf\">Model cerere catre Judecatorie<\/a><a href=\"https:\/\/www.comunarogova.ro\/wp-content\/uploads\/2020\/10\/Model-cerere-catre-Judecatorie.pdf\" class=\"wp-block-file__button\" download>Descarc\u0103<\/a><\/div>\n\n\n\n<div class=\"wp-block-file\"><a href=\"https:\/\/www.comunarogova.ro\/wp-content\/uploads\/2020\/10\/Notificare.pdf\">Notificare<\/a><a href=\"https:\/\/www.comunarogova.ro\/wp-content\/uploads\/2020\/10\/Notificare.pdf\" class=\"wp-block-file__button\" download>Descarc\u0103<\/a><\/div>\n\n\n\n<p><\/p>\n","protected":false},"excerpt":{"rendered":"Acte necesare parinti plecati la munca in strainatateDescarc\u0103 Informare H.G 691Descarc\u0103 Lista informare pentru judecatorieDescarc\u0103 Model cerere catre JudecatorieDescarc\u0103 NotificareDescarc\u0103","protected":false},"author":1,"featured_media":0,"parent":0,"menu_order":0,"comment_status":"closed","ping_status":"closed","template":"","meta":{"footnotes":""},"class_list":["post-4053","page","type-page","status-publish","hentry"],"_links":{"self":[{"href":"https:\/\/www.comunarogova.ro\/index.php?rest_route=\/wp\/v2\/pages\/4053","targetHints":{"allow":["GET"]}}],"collection":[{"href":"https:\/\/www.comunarogova.ro\/index.php?rest_route=\/wp\/v2\/pages"}],"about":[{"href":"https:\/\/www.comunarogova.ro\/index.php?rest_route=\/wp\/v2\/types\/page"}],"author":[{"embeddable":true,"href":"https:\/\/www.comunarogova.ro\/index.php?rest_route=\/wp\/v2\/users\/1"}],"replies":[{"embeddable":true,"href":"https:\/\/www.comunarogova.ro\/index.php?rest_route=%2Fwp%2Fv2%2Fcomments&post=4053"}],"version-history":[{"count":1,"href":"https:\/\/www.comunarogova.ro\/index.php?rest_route=\/wp\/v2\/pages\/4053\/revisions"}],"predecessor-version":[{"id":4059,"href":"https:\/\/www.comunarogova.ro\/index.php?rest_route=\/wp\/v2\/pages\/4053\/revisions\/4059"}],"wp:attachment":[{"href":"https:\/\/www.comunarogova.ro\/index.php?rest_route=%2Fwp%2Fv2%2Fmedia&parent=4053"}],"curies":[{"name":"wp","href":"https:\/\/api.w.org\/{rel}","templated":true}]}}