{"id":4032,"date":"2020-10-22T14:06:10","date_gmt":"2020-10-22T12:06:10","guid":{"rendered":"http:\/\/www.comunarogova.ro\/?page_id=4032"},"modified":"2020-10-22T14:07:43","modified_gmt":"2020-10-22T12:07:43","slug":"venit-minim-garantat","status":"publish","type":"page","link":"https:\/\/www.comunarogova.ro\/?page_id=4032","title":{"rendered":"Venit minim garantat"},"content":{"rendered":"\n<div class=\"wp-block-file\"><a href=\"https:\/\/www.comunarogova.ro\/wp-content\/uploads\/2020\/10\/Cerere-Declaratie-venit-minim-garantat-1.pdf\">Cerere declaratie venit minim garantat<\/a><a href=\"https:\/\/www.comunarogova.ro\/wp-content\/uploads\/2020\/10\/Cerere-Declaratie-venit-minim-garantat-1.pdf\" class=\"wp-block-file__button\" download>Descarc\u0103<\/a><\/div>\n\n\n\n<div class=\"wp-block-file\"><a href=\"https:\/\/www.comunarogova.ro\/wp-content\/uploads\/2020\/10\/Declaratie_VMG-1.pdf\">Declaratie VMG<\/a><a href=\"https:\/\/www.comunarogova.ro\/wp-content\/uploads\/2020\/10\/Declaratie_VMG-1.pdf\" class=\"wp-block-file__button\" download>Descarc\u0103<\/a><\/div>\n\n\n\n<div class=\"wp-block-file\"><a href=\"https:\/\/www.comunarogova.ro\/wp-content\/uploads\/2020\/10\/DOCUMENTE-AJUTOR-SOCIAL-1.pdf\">Documente ajutor social<\/a><a href=\"https:\/\/www.comunarogova.ro\/wp-content\/uploads\/2020\/10\/DOCUMENTE-AJUTOR-SOCIAL-1.pdf\" class=\"wp-block-file__button\" download>Descarc\u0103<\/a><\/div>\n","protected":false},"excerpt":{"rendered":"Cerere declaratie venit minim garantatDescarc\u0103 Declaratie VMGDescarc\u0103 Documente ajutor socialDescarc\u0103","protected":false},"author":1,"featured_media":0,"parent":0,"menu_order":0,"comment_status":"closed","ping_status":"closed","template":"","meta":{"footnotes":""},"class_list":["post-4032","page","type-page","status-publish","hentry"],"_links":{"self":[{"href":"https:\/\/www.comunarogova.ro\/index.php?rest_route=\/wp\/v2\/pages\/4032","targetHints":{"allow":["GET"]}}],"collection":[{"href":"https:\/\/www.comunarogova.ro\/index.php?rest_route=\/wp\/v2\/pages"}],"about":[{"href":"https:\/\/www.comunarogova.ro\/index.php?rest_route=\/wp\/v2\/types\/page"}],"author":[{"embeddable":true,"href":"https:\/\/www.comunarogova.ro\/index.php?rest_route=\/wp\/v2\/users\/1"}],"replies":[{"embeddable":true,"href":"https:\/\/www.comunarogova.ro\/index.php?rest_route=%2Fwp%2Fv2%2Fcomments&post=4032"}],"version-history":[{"count":2,"href":"https:\/\/www.comunarogova.ro\/index.php?rest_route=\/wp\/v2\/pages\/4032\/revisions"}],"predecessor-version":[{"id":4038,"href":"https:\/\/www.comunarogova.ro\/index.php?rest_route=\/wp\/v2\/pages\/4032\/revisions\/4038"}],"wp:attachment":[{"href":"https:\/\/www.comunarogova.ro\/index.php?rest_route=%2Fwp%2Fv2%2Fmedia&parent=4032"}],"curies":[{"name":"wp","href":"https:\/\/api.w.org\/{rel}","templated":true}]}}